{"id":2604,"date":"2020-07-05T06:44:21","date_gmt":"2020-07-05T06:44:21","guid":{"rendered":"https:\/\/www.fiducialife.com\/?page_id=2604"},"modified":"2025-09-03T20:35:00","modified_gmt":"2025-09-03T20:35:00","slug":"annuity-fiducia-life","status":"publish","type":"page","link":"https:\/\/www.fiducialife.com\/es\/annuity-fiducia-life\/","title":{"rendered":"Anualidades"},"content":{"rendered":"<h2>Anualidades<\/h2>\n<p>\u00bfCu\u00e1ndo quiere jubilarse? y \u00bfcu\u00e1nto dinero necesitar\u00e1? Cada vez vivimos m\u00e1s y, seg\u00fan las estad\u00edsticas, hay un 50% de posibilidades de que uno de los c\u00f3nyuges viva hasta los 93 a\u00f1os.\u00a0<\/p>\n<p>Las rentas vitalicias indexadas fijas pueden proteger su jubilaci\u00f3n y su activo de flujo de ingresos, existe un 26% de posibilidades de p\u00e9rdida de mercado, de ah\u00ed la importancia de proteger sus ingresos de jubilaci\u00f3n.\u00a0<\/p>\n<p class=\"translation-block\">\u00bfQu\u00e9 tipo de anualidad necesitas? \u00bfY cu\u00e1ndo lo necesitar\u00e1s? \u00bfDurante cu\u00e1ntos a\u00f1os? Seguro que tiene muchas preguntas; sin embargo, en Fiducia Life estamos aqu\u00ed para responder a todas sus preguntas y quiz\u00e1s podamos hacerle algunas m\u00e1s para entender qu\u00e9 tipo de renta vitalicia es la adecuada para su familia.<\/p>\n<p>We can think of annuities in two categories; one the type of annuity that will give you income and have access to your money and income now or the other annuity where you want your money to grow over time and have access and complete control of your money for the later retirement years.\u00a0You decide if you want income now or if you want income later, we can always provide the right information and help you make the right decision. An annuity grows and protects your assets as well as creates income for life. Whether you choose a fixed income annuity or a deferred income annuity we are here all the way, because at Fiducia Life we help you accomplish the quality of life you deserve.\u00a0<\/p>\n<p>\t\t\t\t\t\t\t\t\t\t\t\t<img fetchpriority=\"high\" decoding=\"async\" width=\"400\" height=\"347\" src=\"https:\/\/www.fiducialife.com\/wp-content\/uploads\/2020\/06\/iStock-494280915.jpg\" alt=\"Fiducia Life Insurance Solutions\" srcset=\"https:\/\/www.fiducialife.com\/wp-content\/uploads\/2020\/06\/iStock-494280915.jpg 400w, https:\/\/www.fiducialife.com\/wp-content\/uploads\/2020\/06\/iStock-494280915-768x665.jpg 768w\" sizes=\"(max-width: 400px) 100vw, 400px\" \/>\t\t\t\t\t\t\t\t\t\t\t\t\t\t<\/p>\n<h2>Fiducia Life<\/h2>\n<p>Estamos aqu\u00ed para responder a todas sus preguntas y quiz\u00e1s hacer algunas m\u00e1s para comprender qu\u00e9 tipo de anualidad es adecuada para su familia.<\/p>\n<p>\t\t\t<a href=\"https:\/\/www.fiducialife.com\/es\/contact\/\" role=\"button\"><br \/>\n\t\t\t\t\t\tP\u00f3ngase en contacto con nosotros<br \/>\n\t\t\t\t\t<\/a><\/p>","protected":false},"excerpt":{"rendered":"<p>Annuities When do you want to retire? and how much money will you need? We are living longer and according to statistics there is a 50% chance that one spouse will live up to 93 years of age.\u00a0 Fixed Indexed annuities can protect your retirement and your income stream asset, there is a 26% chance [&hellip;]<\/p>\n","protected":false},"author":1,"featured_media":0,"parent":0,"menu_order":0,"comment_status":"closed","ping_status":"closed","template":"","meta":{"footnotes":""},"class_list":["post-2604","page","type-page","status-publish","hentry"],"yoast_head":"<!-- This site is optimized with the Yoast SEO plugin v27.5 - https:\/\/yoast.com\/product\/yoast-seo-wordpress\/ -->\n<title>Annuities | Fiducia Life Insurance Solutions | Fiducia Life<\/title>\n<meta name=\"description\" content=\"What type of annuity do you need? And when will you need it how many years? 5 year? For sure you have many questions; however, at Fiducia Life\" \/>\n<meta name=\"robots\" content=\"index, follow, max-snippet:-1, max-image-preview:large, max-video-preview:-1\" \/>\n<link rel=\"canonical\" href=\"https:\/\/www.fiducialife.com\/es\/annuity-fiducia-life\/\" \/>\n<meta property=\"og:locale\" content=\"es_MX\" \/>\n<meta property=\"og:type\" content=\"article\" \/>\n<meta property=\"og:title\" content=\"Annuities | Fiducia Life Insurance Solutions | Fiducia Life\" \/>\n<meta property=\"og:description\" content=\"What type of annuity do you need? And when will you need it how many years? 5 year? For sure you have many questions; however, at Fiducia Life\" \/>\n<meta property=\"og:url\" content=\"https:\/\/www.fiducialife.com\/es\/annuity-fiducia-life\/\" \/>\n<meta property=\"og:site_name\" content=\"Fiducia Life\" \/>\n<meta property=\"article:publisher\" content=\"https:\/\/www.facebook.com\/FiduciaLife\/\" \/>\n<meta property=\"article:modified_time\" content=\"2025-09-03T20:35:00+00:00\" \/>\n<meta property=\"og:image\" content=\"https:\/\/www.fiducialife.com\/wp-content\/uploads\/2020\/06\/iStock-494280915.jpg\" \/>\n<meta name=\"twitter:card\" content=\"summary_large_image\" \/>\n<meta name=\"twitter:site\" content=\"@Fiducialife\" \/>\n<meta name=\"twitter:label1\" content=\"Tiempo de lectura\" \/>\n\t<meta name=\"twitter:data1\" content=\"2 minutos\" \/>\n<script type=\"application\/ld+json\" class=\"yoast-schema-graph\">{\"@context\":\"https:\\\/\\\/schema.org\",\"@graph\":[{\"@type\":\"WebPage\",\"@id\":\"https:\\\/\\\/www.fiducialife.com\\\/annuity-fiducia-life\\\/\",\"url\":\"https:\\\/\\\/www.fiducialife.com\\\/annuity-fiducia-life\\\/\",\"name\":\"Annuities | Fiducia Life Insurance Solutions | Fiducia Life\",\"isPartOf\":{\"@id\":\"https:\\\/\\\/www.fiducialife.com\\\/#website\"},\"primaryImageOfPage\":{\"@id\":\"https:\\\/\\\/www.fiducialife.com\\\/annuity-fiducia-life\\\/#primaryimage\"},\"image\":{\"@id\":\"https:\\\/\\\/www.fiducialife.com\\\/annuity-fiducia-life\\\/#primaryimage\"},\"thumbnailUrl\":\"https:\\\/\\\/www.fiducialife.com\\\/wp-content\\\/uploads\\\/2020\\\/06\\\/iStock-494280915.jpg\",\"datePublished\":\"2020-07-05T06:44:21+00:00\",\"dateModified\":\"2025-09-03T20:35:00+00:00\",\"description\":\"What type of annuity do you need? And when will you need it how many years? 5 year? For sure you have many questions; however, at Fiducia Life\",\"breadcrumb\":{\"@id\":\"https:\\\/\\\/www.fiducialife.com\\\/annuity-fiducia-life\\\/#breadcrumb\"},\"inLanguage\":\"es\",\"potentialAction\":[{\"@type\":\"ReadAction\",\"target\":[\"https:\\\/\\\/www.fiducialife.com\\\/annuity-fiducia-life\\\/\"]}]},{\"@type\":\"ImageObject\",\"inLanguage\":\"es\",\"@id\":\"https:\\\/\\\/www.fiducialife.com\\\/annuity-fiducia-life\\\/#primaryimage\",\"url\":\"https:\\\/\\\/www.fiducialife.com\\\/wp-content\\\/uploads\\\/2020\\\/06\\\/iStock-494280915.jpg\",\"contentUrl\":\"https:\\\/\\\/www.fiducialife.com\\\/wp-content\\\/uploads\\\/2020\\\/06\\\/iStock-494280915.jpg\"},{\"@type\":\"BreadcrumbList\",\"@id\":\"https:\\\/\\\/www.fiducialife.com\\\/annuity-fiducia-life\\\/#breadcrumb\",\"itemListElement\":[{\"@type\":\"ListItem\",\"position\":1,\"name\":\"Home\",\"item\":\"https:\\\/\\\/www.fiducialife.com\\\/\"},{\"@type\":\"ListItem\",\"position\":2,\"name\":\"annuities\"}]},{\"@type\":\"WebSite\",\"@id\":\"https:\\\/\\\/www.fiducialife.com\\\/#website\",\"url\":\"https:\\\/\\\/www.fiducialife.com\\\/\",\"name\":\"Fiducia Life\",\"description\":\"For the Quality of Life You Deserve | Insurance Solutions\",\"publisher\":{\"@id\":\"https:\\\/\\\/www.fiducialife.com\\\/#organization\"},\"potentialAction\":[{\"@type\":\"SearchAction\",\"target\":{\"@type\":\"EntryPoint\",\"urlTemplate\":\"https:\\\/\\\/www.fiducialife.com\\\/?s={search_term_string}\"},\"query-input\":{\"@type\":\"PropertyValueSpecification\",\"valueRequired\":true,\"valueName\":\"search_term_string\"}}],\"inLanguage\":\"es\"},{\"@type\":\"Organization\",\"@id\":\"https:\\\/\\\/www.fiducialife.com\\\/#organization\",\"name\":\"Fiducia Life Insurance Solutions\",\"url\":\"https:\\\/\\\/www.fiducialife.com\\\/\",\"logo\":{\"@type\":\"ImageObject\",\"inLanguage\":\"es\",\"@id\":\"https:\\\/\\\/www.fiducialife.com\\\/#\\\/schema\\\/logo\\\/image\\\/\",\"url\":\"https:\\\/\\\/www.fiducialife.com\\\/wp-content\\\/uploads\\\/2019\\\/02\\\/Fiducialife_logo-2-e1550008399761.png\",\"contentUrl\":\"https:\\\/\\\/www.fiducialife.com\\\/wp-content\\\/uploads\\\/2019\\\/02\\\/Fiducialife_logo-2-e1550008399761.png\",\"width\":350,\"height\":210,\"caption\":\"Fiducia Life Insurance Solutions\"},\"image\":{\"@id\":\"https:\\\/\\\/www.fiducialife.com\\\/#\\\/schema\\\/logo\\\/image\\\/\"},\"sameAs\":[\"https:\\\/\\\/www.facebook.com\\\/FiduciaLife\\\/\",\"https:\\\/\\\/x.com\\\/Fiducialife\",\"https:\\\/\\\/www.instagram.com\\\/fiducialife\\\/\",\"https:\\\/\\\/www.linkedin.com\\\/company\\\/fiducialife\",\"https:\\\/\\\/www.youtube.com\\\/channel\\\/UCC75jQxboEw46OxcRSw9hWQ\"]}]}<\/script>\n<!-- \/ Yoast SEO plugin. -->","yoast_head_json":{"title":"Annuities | Fiducia Life Insurance Solutions | Fiducia Life","description":"What type of annuity do you need? And when will you need it how many years? 5 year? For sure you have many questions; however, at Fiducia Life","robots":{"index":"index","follow":"follow","max-snippet":"max-snippet:-1","max-image-preview":"max-image-preview:large","max-video-preview":"max-video-preview:-1"},"canonical":"https:\/\/www.fiducialife.com\/es\/annuity-fiducia-life\/","og_locale":"es_MX","og_type":"article","og_title":"Annuities | Fiducia Life Insurance Solutions | Fiducia Life","og_description":"What type of annuity do you need? And when will you need it how many years? 5 year? For sure you have many questions; however, at Fiducia Life","og_url":"https:\/\/www.fiducialife.com\/es\/annuity-fiducia-life\/","og_site_name":"Fiducia Life","article_publisher":"https:\/\/www.facebook.com\/FiduciaLife\/","article_modified_time":"2025-09-03T20:35:00+00:00","og_image":[{"url":"https:\/\/www.fiducialife.com\/wp-content\/uploads\/2020\/06\/iStock-494280915.jpg","type":"","width":"","height":""}],"twitter_card":"summary_large_image","twitter_site":"@Fiducialife","twitter_misc":{"Tiempo de lectura":"2 minutos"},"schema":{"@context":"https:\/\/schema.org","@graph":[{"@type":"WebPage","@id":"https:\/\/www.fiducialife.com\/annuity-fiducia-life\/","url":"https:\/\/www.fiducialife.com\/annuity-fiducia-life\/","name":"Annuities | Fiducia Life Insurance Solutions | Fiducia Life","isPartOf":{"@id":"https:\/\/www.fiducialife.com\/#website"},"primaryImageOfPage":{"@id":"https:\/\/www.fiducialife.com\/annuity-fiducia-life\/#primaryimage"},"image":{"@id":"https:\/\/www.fiducialife.com\/annuity-fiducia-life\/#primaryimage"},"thumbnailUrl":"https:\/\/www.fiducialife.com\/wp-content\/uploads\/2020\/06\/iStock-494280915.jpg","datePublished":"2020-07-05T06:44:21+00:00","dateModified":"2025-09-03T20:35:00+00:00","description":"What type of annuity do you need? And when will you need it how many years? 5 year? For sure you have many questions; however, at Fiducia Life","breadcrumb":{"@id":"https:\/\/www.fiducialife.com\/annuity-fiducia-life\/#breadcrumb"},"inLanguage":"es","potentialAction":[{"@type":"ReadAction","target":["https:\/\/www.fiducialife.com\/annuity-fiducia-life\/"]}]},{"@type":"ImageObject","inLanguage":"es","@id":"https:\/\/www.fiducialife.com\/annuity-fiducia-life\/#primaryimage","url":"https:\/\/www.fiducialife.com\/wp-content\/uploads\/2020\/06\/iStock-494280915.jpg","contentUrl":"https:\/\/www.fiducialife.com\/wp-content\/uploads\/2020\/06\/iStock-494280915.jpg"},{"@type":"BreadcrumbList","@id":"https:\/\/www.fiducialife.com\/annuity-fiducia-life\/#breadcrumb","itemListElement":[{"@type":"ListItem","position":1,"name":"Home","item":"https:\/\/www.fiducialife.com\/"},{"@type":"ListItem","position":2,"name":"annuities"}]},{"@type":"WebSite","@id":"https:\/\/www.fiducialife.com\/#website","url":"https:\/\/www.fiducialife.com\/","name":"Fiducia Life","description":"For the Quality of Life You Deserve | Insurance Solutions","publisher":{"@id":"https:\/\/www.fiducialife.com\/#organization"},"potentialAction":[{"@type":"SearchAction","target":{"@type":"EntryPoint","urlTemplate":"https:\/\/www.fiducialife.com\/?s={search_term_string}"},"query-input":{"@type":"PropertyValueSpecification","valueRequired":true,"valueName":"search_term_string"}}],"inLanguage":"es"},{"@type":"Organization","@id":"https:\/\/www.fiducialife.com\/#organization","name":"Fiducia Life Insurance Solutions","url":"https:\/\/www.fiducialife.com\/","logo":{"@type":"ImageObject","inLanguage":"es","@id":"https:\/\/www.fiducialife.com\/#\/schema\/logo\/image\/","url":"https:\/\/www.fiducialife.com\/wp-content\/uploads\/2019\/02\/Fiducialife_logo-2-e1550008399761.png","contentUrl":"https:\/\/www.fiducialife.com\/wp-content\/uploads\/2019\/02\/Fiducialife_logo-2-e1550008399761.png","width":350,"height":210,"caption":"Fiducia Life Insurance Solutions"},"image":{"@id":"https:\/\/www.fiducialife.com\/#\/schema\/logo\/image\/"},"sameAs":["https:\/\/www.facebook.com\/FiduciaLife\/","https:\/\/x.com\/Fiducialife","https:\/\/www.instagram.com\/fiducialife\/","https:\/\/www.linkedin.com\/company\/fiducialife","https:\/\/www.youtube.com\/channel\/UCC75jQxboEw46OxcRSw9hWQ"]}]}},"_links":{"self":[{"href":"https:\/\/www.fiducialife.com\/es\/wp-json\/wp\/v2\/pages\/2604","targetHints":{"allow":["GET"]}}],"collection":[{"href":"https:\/\/www.fiducialife.com\/es\/wp-json\/wp\/v2\/pages"}],"about":[{"href":"https:\/\/www.fiducialife.com\/es\/wp-json\/wp\/v2\/types\/page"}],"author":[{"embeddable":true,"href":"https:\/\/www.fiducialife.com\/es\/wp-json\/wp\/v2\/users\/1"}],"replies":[{"embeddable":true,"href":"https:\/\/www.fiducialife.com\/es\/wp-json\/wp\/v2\/comments?post=2604"}],"version-history":[{"count":19,"href":"https:\/\/www.fiducialife.com\/es\/wp-json\/wp\/v2\/pages\/2604\/revisions"}],"predecessor-version":[{"id":2928,"href":"https:\/\/www.fiducialife.com\/es\/wp-json\/wp\/v2\/pages\/2604\/revisions\/2928"}],"wp:attachment":[{"href":"https:\/\/www.fiducialife.com\/es\/wp-json\/wp\/v2\/media?parent=2604"}],"curies":[{"name":"wp","href":"https:\/\/api.w.org\/{rel}","templated":true}]}}